{"id":2589,"date":"2023-05-28T08:59:34","date_gmt":"2023-05-28T06:59:34","guid":{"rendered":"https:\/\/p5.seoway.de\/?page_id=2589"},"modified":"2024-12-22T11:38:53","modified_gmt":"2024-12-22T10:38:53","slug":"jobs","status":"publish","type":"page","link":"https:\/\/www.mybox.eu\/en\/jobs\/","title":{"rendered":"Jobs"},"content":{"rendered":"<div data-elementor-type=\"wp-page\" data-elementor-id=\"2589\" class=\"elementor elementor-2589\" data-elementor-post-type=\"page\">\n\t\t\t\t<div data-particle_enable=\"false\" data-particle-mobile-disabled=\"false\" class=\"elementor-element elementor-element-84362bb e-con-full e-flex e-con e-parent\" data-id=\"84362bb\" data-element_type=\"container\" data-settings=\"{&quot;jet_parallax_layout_list&quot;:[]}\">\n\t\t<div data-particle_enable=\"false\" data-particle-mobile-disabled=\"false\" class=\"elementor-element elementor-element-7152a12 e-con-full e-flex e-con e-child\" data-id=\"7152a12\" data-element_type=\"container\" data-settings=\"{&quot;jet_parallax_layout_list&quot;:[]}\">\n\t\t\t\t<div class=\"elementor-element elementor-element-a8f5d2b elementor--h-position-center elementor--v-position-middle elementor-arrows-position-inside elementor-pagination-position-inside elementor-widget elementor-widget-slides\" data-id=\"a8f5d2b\" data-element_type=\"widget\" data-settings=\"{&quot;navigation&quot;:&quot;both&quot;,&quot;autoplay&quot;:&quot;yes&quot;,&quot;pause_on_hover&quot;:&quot;yes&quot;,&quot;pause_on_interaction&quot;:&quot;yes&quot;,&quot;autoplay_speed&quot;:5000,&quot;infinite&quot;:&quot;yes&quot;,&quot;transition&quot;:&quot;slide&quot;,&quot;transition_speed&quot;:500}\" data-widget_type=\"slides.default\">\n\t\t\t\t<div class=\"elementor-widget-container\">\n\t\t\t\t\t\t\t\t\t<div class=\"elementor-swiper\">\n\t\t\t\t\t<div class=\"elementor-slides-wrapper elementor-main-swiper swiper\" role=\"region\" aria-roledescription=\"carousel\" aria-label=\"Slider\" dir=\"ltr\" data-animation=\"fadeInUp\">\n\t\t\t\t<div class=\"swiper-wrapper elementor-slides\">\n\t\t\t\t\t\t\t\t\t\t<div class=\"elementor-repeater-item-dead6f7 swiper-slide\" role=\"group\" aria-roledescription=\"slide\"><div class=\"swiper-slide-bg\" role=\"img\" aria-label=\"download-mybox-app\"><\/div><div class=\"elementor-background-overlay\"><\/div><div class=\"swiper-slide-inner\" ><div class=\"swiper-slide-contents\"><div class=\"elementor-slide-heading\">Jobs<\/div><div class=\"elementor-slide-description\">Career opportunities at MyBox<\/div><\/div><\/div><\/div>\t\t\t\t<\/div>\n\t\t\t\t\t\t\t<\/div>\n\t\t\t\t<\/div>\n\t\t\t\t\t\t\t\t<\/div>\n\t\t\t\t<\/div>\n\t\t\t\t<\/div>\n\t\t\t\t<\/div>\n\t\t\t\t<section data-particle_enable=\"false\" data-particle-mobile-disabled=\"false\" class=\"elementor-section elementor-top-section elementor-element elementor-element-4ed0fa77 elementor-section-boxed elementor-section-height-default elementor-section-height-default\" data-id=\"4ed0fa77\" data-element_type=\"section\" data-settings=\"{&quot;jet_parallax_layout_list&quot;:[]}\">\n\t\t\t\t\t\t<div class=\"elementor-container elementor-column-gap-default\">\n\t\t\t\t\t<div class=\"elementor-column elementor-col-100 elementor-top-column elementor-element elementor-element-e74b466\" data-id=\"e74b466\" data-element_type=\"column\">\n\t\t\t<div class=\"elementor-widget-wrap elementor-element-populated\">\n\t\t\t\t\t\t<div data-dce-text-color=\"#A5A5A5\" class=\"elementor-element elementor-element-2436cc4b elementor-widget elementor-widget-breadcrumbs\" data-id=\"2436cc4b\" data-element_type=\"widget\" data-widget_type=\"breadcrumbs.default\">\n\t\t\t\t<div class=\"elementor-widget-container\">\n\t\t\t\t\t<p id=\"breadcrumbs\"><span><span><a href=\"https:\/\/www.mybox.eu\/en\/\">MyBox Self-Storage<\/a><\/span><\/span><\/p>\t\t\t\t<\/div>\n\t\t\t\t<\/div>\n\t\t\t\t\t<\/div>\n\t\t<\/div>\n\t\t\t\t\t<\/div>\n\t\t<\/section>\n\t\t\t\t<section data-particle_enable=\"false\" data-particle-mobile-disabled=\"false\" class=\"elementor-section elementor-top-section elementor-element elementor-element-07b1432 elementor-section-boxed elementor-section-height-default elementor-section-height-default\" data-id=\"07b1432\" data-element_type=\"section\" data-settings=\"{&quot;jet_parallax_layout_list&quot;:[]}\">\n\t\t\t\t\t\t<div class=\"elementor-container elementor-column-gap-default\">\n\t\t\t\t\t<div class=\"elementor-column elementor-col-100 elementor-top-column elementor-element elementor-element-7d80868\" data-id=\"7d80868\" data-element_type=\"column\">\n\t\t\t<div class=\"elementor-widget-wrap elementor-element-populated\">\n\t\t\t\t\t\t<div class=\"elementor-element elementor-element-0e63ec3 elementor-widget elementor-widget-heading\" data-id=\"0e63ec3\" data-element_type=\"widget\" data-widget_type=\"heading.default\">\n\t\t\t\t<div class=\"elementor-widget-container\">\n\t\t\t\t\t<h1 class=\"elementor-heading-title elementor-size-default\">Job offers<\/h1>\t\t\t\t<\/div>\n\t\t\t\t<\/div>\n\t\t\t\t\t<\/div>\n\t\t<\/div>\n\t\t\t\t\t<\/div>\n\t\t<\/section>\n\t\t\t\t<section data-particle_enable=\"false\" data-particle-mobile-disabled=\"false\" class=\"elementor-section elementor-top-section elementor-element elementor-element-c90c050 elementor-section-boxed elementor-section-height-default elementor-section-height-default\" data-id=\"c90c050\" data-element_type=\"section\" data-settings=\"{&quot;jet_parallax_layout_list&quot;:[]}\">\n\t\t\t\t\t\t<div class=\"elementor-container elementor-column-gap-default\">\n\t\t\t\t\t<div class=\"elementor-column elementor-col-100 elementor-top-column elementor-element elementor-element-280de9f\" data-id=\"280de9f\" data-element_type=\"column\">\n\t\t\t<div class=\"elementor-widget-wrap elementor-element-populated\">\n\t\t\t\t\t\t<div class=\"elementor-element elementor-element-0375da1 elementor-widget elementor-widget-text-editor\" data-id=\"0375da1\" data-element_type=\"widget\" data-widget_type=\"text-editor.default\">\n\t\t\t\t<div class=\"elementor-widget-container\">\n\t\t\t\t\t\t\t\t\t<p>Discover exciting career opportunities with us! We offer attractive job openings in various areas. Whether you already have professional experience or are just starting your career, you will find a wide range of job opportunities with us. We attach great importance to a motivating work environment, personal development and teamwork. Become part of our dynamic team and shape the future with us. Find out more about our vacancies and apply today to start your career with us.<\/p>\t\t\t\t\t\t\t\t<\/div>\n\t\t\t\t<\/div>\n\t\t\t\t\t<\/div>\n\t\t<\/div>\n\t\t\t\t\t<\/div>\n\t\t<\/section>\n\t\t\t\t<section data-particle_enable=\"false\" data-particle-mobile-disabled=\"false\" class=\"elementor-section elementor-top-section elementor-element elementor-element-1ca5690 elementor-section-boxed elementor-section-height-default elementor-section-height-default\" data-id=\"1ca5690\" data-element_type=\"section\" data-settings=\"{&quot;jet_parallax_layout_list&quot;:[]}\">\n\t\t\t\t\t\t<div class=\"elementor-container elementor-column-gap-default\">\n\t\t\t\t\t<div class=\"elementor-column elementor-col-100 elementor-top-column elementor-element elementor-element-d86fd9e\" data-id=\"d86fd9e\" data-element_type=\"column\">\n\t\t\t<div class=\"elementor-widget-wrap elementor-element-populated\">\n\t\t\t\t\t\t<div class=\"elementor-element elementor-element-2229ff5 elementor-widget elementor-widget-text-editor\" data-id=\"2229ff5\" data-element_type=\"widget\" data-widget_type=\"text-editor.default\">\n\t\t\t\t<div class=\"elementor-widget-container\">\n\t\t\t\t\t\t\t\t\t<p>No vacancies<\/p>\t\t\t\t\t\t\t\t<\/div>\n\t\t\t\t<\/div>\n\t\t\t\t\t<\/div>\n\t\t<\/div>\n\t\t\t\t\t<\/div>\n\t\t<\/section>\n\t\t\t\t<\/div>","protected":false},"excerpt":{"rendered":"<p>JobsKarrierechancen bei MyBox Stellenangebote Entdecke spannende Karrierem\u00f6glichkeiten bei uns! Wir bieten attraktive Stellenangebote in verschiedenen Bereichen. Egal, ob du bereits Berufserfahrung hast oder gerade am Anfang deiner Karriere stehst, bei uns findest du vielf\u00e4ltige Jobchancen. Wir legen gro\u00dfen Wert auf ein motivierendes Arbeitsumfeld, pers\u00f6nliche Weiterentwicklung und Teamarbeit. Werde Teil unseres dynamischen Teams und gestalte mit [&hellip;]<\/p>","protected":false},"author":1,"featured_media":0,"parent":0,"menu_order":0,"comment_status":"closed","ping_status":"open","template":"","meta":{"footnotes":""},"class_list":["post-2589","page","type-page","status-publish","hentry"],"yoast_head":"<!-- This site is optimized with the Yoast SEO plugin v26.6 - https:\/\/yoast.com\/wordpress\/plugins\/seo\/ -->\n<title>Jobs &#187; MyBox<\/title>\n<meta name=\"robots\" content=\"index, follow, max-snippet:-1, max-image-preview:large, max-video-preview:-1\" \/>\n<link rel=\"canonical\" href=\"https:\/\/www.mybox.eu\/en\/jobs\/\" \/>\n<meta property=\"og:locale\" content=\"en_US\" \/>\n<meta property=\"og:type\" content=\"article\" \/>\n<meta property=\"og:title\" content=\"Jobs &#187; MyBox\" \/>\n<meta property=\"og:description\" content=\"JobsKarrierechancen bei MyBox Stellenangebote Entdecke spannende Karrierem\u00f6glichkeiten bei uns! Wir bieten attraktive Stellenangebote in verschiedenen Bereichen. Egal, ob du bereits Berufserfahrung hast oder gerade am Anfang deiner Karriere stehst, bei uns findest du vielf\u00e4ltige Jobchancen. Wir legen gro\u00dfen Wert auf ein motivierendes Arbeitsumfeld, pers\u00f6nliche Weiterentwicklung und Teamarbeit. Werde Teil unseres dynamischen Teams und gestalte mit [&hellip;]\" \/>\n<meta property=\"og:url\" content=\"https:\/\/www.mybox.eu\/en\/jobs\/\" \/>\n<meta property=\"og:site_name\" content=\"MyBox\" \/>\n<meta property=\"article:modified_time\" content=\"2024-12-22T10:38:53+00:00\" \/>\n<meta name=\"twitter:card\" content=\"summary_large_image\" \/>\n<script type=\"application\/ld+json\" class=\"yoast-schema-graph\">{\"@context\":\"https:\/\/schema.org\",\"@graph\":[{\"@type\":\"WebPage\",\"@id\":\"https:\/\/www.mybox.eu\/jobs\/\",\"url\":\"https:\/\/www.mybox.eu\/jobs\/\",\"name\":\"Jobs &#187; MyBox\",\"isPartOf\":{\"@id\":\"https:\/\/www.mybox.eu\/#website\"},\"datePublished\":\"2023-05-28T06:59:34+00:00\",\"dateModified\":\"2024-12-22T10:38:53+00:00\",\"breadcrumb\":{\"@id\":\"https:\/\/www.mybox.eu\/jobs\/#breadcrumb\"},\"inLanguage\":\"en-US\",\"potentialAction\":[{\"@type\":\"ReadAction\",\"target\":[\"https:\/\/www.mybox.eu\/jobs\/\"]}]},{\"@type\":\"BreadcrumbList\",\"@id\":\"https:\/\/www.mybox.eu\/jobs\/#breadcrumb\",\"itemListElement\":[{\"@type\":\"ListItem\",\"position\":1,\"name\":\"MyBox Selfstorage\",\"item\":\"https:\/\/www.mybox.eu\/\"},{\"@type\":\"ListItem\",\"position\":2,\"name\":\"Jobs\"}]},{\"@type\":\"WebSite\",\"@id\":\"https:\/\/www.mybox.eu\/#website\",\"url\":\"https:\/\/www.mybox.eu\/\",\"name\":\"MyBox Selfstorage\",\"description\":\"Selfstorage\",\"publisher\":{\"@id\":\"https:\/\/www.mybox.eu\/#organization\"},\"potentialAction\":[{\"@type\":\"SearchAction\",\"target\":{\"@type\":\"EntryPoint\",\"urlTemplate\":\"https:\/\/www.mybox.eu\/?s={search_term_string}\"},\"query-input\":{\"@type\":\"PropertyValueSpecification\",\"valueRequired\":true,\"valueName\":\"search_term_string\"}}],\"inLanguage\":\"en-US\"},{\"@type\":\"Organization\",\"@id\":\"https:\/\/www.mybox.eu\/#organization\",\"name\":\"MyBox Selfstorage\",\"url\":\"https:\/\/www.mybox.eu\/\",\"logo\":{\"@type\":\"ImageObject\",\"inLanguage\":\"en-US\",\"@id\":\"https:\/\/www.mybox.eu\/#\/schema\/logo\/image\/\",\"url\":\"https:\/\/www.mybox.eu\/wp-content\/uploads\/mybox-grau.png\",\"contentUrl\":\"https:\/\/www.mybox.eu\/wp-content\/uploads\/mybox-grau.png\",\"width\":1456,\"height\":424,\"caption\":\"MyBox Selfstorage\"},\"image\":{\"@id\":\"https:\/\/www.mybox.eu\/#\/schema\/logo\/image\/\"},\"sameAs\":[\"https:\/\/www.instagram.com\/mybox.eu\/\"]}]}<\/script>\n<!-- \/ Yoast SEO plugin. -->","yoast_head_json":{"title":"Jobs \u00bb MyBox","robots":{"index":"index","follow":"follow","max-snippet":"max-snippet:-1","max-image-preview":"max-image-preview:large","max-video-preview":"max-video-preview:-1"},"canonical":"https:\/\/www.mybox.eu\/en\/jobs\/","og_locale":"en_US","og_type":"article","og_title":"Jobs &#187; MyBox","og_description":"JobsKarrierechancen bei MyBox Stellenangebote Entdecke spannende Karrierem\u00f6glichkeiten bei uns! Wir bieten attraktive Stellenangebote in verschiedenen Bereichen. Egal, ob du bereits Berufserfahrung hast oder gerade am Anfang deiner Karriere stehst, bei uns findest du vielf\u00e4ltige Jobchancen. Wir legen gro\u00dfen Wert auf ein motivierendes Arbeitsumfeld, pers\u00f6nliche Weiterentwicklung und Teamarbeit. Werde Teil unseres dynamischen Teams und gestalte mit [&hellip;]","og_url":"https:\/\/www.mybox.eu\/en\/jobs\/","og_site_name":"MyBox","article_modified_time":"2024-12-22T10:38:53+00:00","twitter_card":"summary_large_image","schema":{"@context":"https:\/\/schema.org","@graph":[{"@type":"WebPage","@id":"https:\/\/www.mybox.eu\/jobs\/","url":"https:\/\/www.mybox.eu\/jobs\/","name":"Jobs \u00bb MyBox","isPartOf":{"@id":"https:\/\/www.mybox.eu\/#website"},"datePublished":"2023-05-28T06:59:34+00:00","dateModified":"2024-12-22T10:38:53+00:00","breadcrumb":{"@id":"https:\/\/www.mybox.eu\/jobs\/#breadcrumb"},"inLanguage":"en-US","potentialAction":[{"@type":"ReadAction","target":["https:\/\/www.mybox.eu\/jobs\/"]}]},{"@type":"BreadcrumbList","@id":"https:\/\/www.mybox.eu\/jobs\/#breadcrumb","itemListElement":[{"@type":"ListItem","position":1,"name":"MyBox Selfstorage","item":"https:\/\/www.mybox.eu\/"},{"@type":"ListItem","position":2,"name":"Jobs"}]},{"@type":"WebSite","@id":"https:\/\/www.mybox.eu\/#website","url":"https:\/\/www.mybox.eu\/","name":"MyBox Self-Storage","description":"Self-storage","publisher":{"@id":"https:\/\/www.mybox.eu\/#organization"},"potentialAction":[{"@type":"SearchAction","target":{"@type":"EntryPoint","urlTemplate":"https:\/\/www.mybox.eu\/?s={search_term_string}"},"query-input":{"@type":"PropertyValueSpecification","valueRequired":true,"valueName":"search_term_string"}}],"inLanguage":"en-US"},{"@type":"Organization","@id":"https:\/\/www.mybox.eu\/#organization","name":"MyBox Self-Storage","url":"https:\/\/www.mybox.eu\/","logo":{"@type":"ImageObject","inLanguage":"en-US","@id":"https:\/\/www.mybox.eu\/#\/schema\/logo\/image\/","url":"https:\/\/www.mybox.eu\/wp-content\/uploads\/mybox-grau.png","contentUrl":"https:\/\/www.mybox.eu\/wp-content\/uploads\/mybox-grau.png","width":1456,"height":424,"caption":"MyBox Selfstorage"},"image":{"@id":"https:\/\/www.mybox.eu\/#\/schema\/logo\/image\/"},"sameAs":["https:\/\/www.instagram.com\/mybox.eu\/"]}]}},"_links":{"self":[{"href":"https:\/\/www.mybox.eu\/en\/wp-json\/wp\/v2\/pages\/2589","targetHints":{"allow":["GET"]}}],"collection":[{"href":"https:\/\/www.mybox.eu\/en\/wp-json\/wp\/v2\/pages"}],"about":[{"href":"https:\/\/www.mybox.eu\/en\/wp-json\/wp\/v2\/types\/page"}],"author":[{"embeddable":true,"href":"https:\/\/www.mybox.eu\/en\/wp-json\/wp\/v2\/users\/1"}],"replies":[{"embeddable":true,"href":"https:\/\/www.mybox.eu\/en\/wp-json\/wp\/v2\/comments?post=2589"}],"version-history":[{"count":52,"href":"https:\/\/www.mybox.eu\/en\/wp-json\/wp\/v2\/pages\/2589\/revisions"}],"predecessor-version":[{"id":9637,"href":"https:\/\/www.mybox.eu\/en\/wp-json\/wp\/v2\/pages\/2589\/revisions\/9637"}],"wp:attachment":[{"href":"https:\/\/www.mybox.eu\/en\/wp-json\/wp\/v2\/media?parent=2589"}],"curies":[{"name":"wp","href":"https:\/\/api.w.org\/{rel}","templated":true}]}}